{"id":5202,"date":"2014-06-19T13:37:06","date_gmt":"2014-06-19T13:37:06","guid":{"rendered":"http:\/\/artaurea.wpengine.com\/apply-2\/"},"modified":"2018-10-19T11:18:02","modified_gmt":"2018-10-19T09:18:02","slug":"profil-bewerben","status":"publish","type":"page","link":"https:\/\/artaurea.kapwamarketing.com\/de\/profil-bewerben\/","title":{"rendered":"Art Aurea Profile"},"content":{"rendered":"<p>Die PROFILE auf Art Aurea zeigen Kurzportr\u00e4ts und Arbeiten ausgezeichneter Designer, Manufakturen, K\u00fcnstler sowie ihre Galerien und Gesch\u00e4fte. Die Teilnahme f\u00f6rdert die internationale Bekanntheit und unterst\u00fctzt die Vermarktung. <a href=\"https:\/\/artaurea.kapwamarketing.com\/wp-content\/uploads\/2014\/06\/Profile-Internet-Plattform10.pdf\" target=\"_blank\">Weitere Informationen zu den Profilen finden Sie hier<\/a><a href=\"https:\/\/artaurea.kapwamarketing.com\/wp-content\/uploads\/2014\/06\/Profile-Internet-Plattform9.pdf\" target=\"_blank\">. <\/a>Was Sie bei der Bewerbung f\u00fcr ein PROFIL auf Art Aurea beachten sollten:<\/p>\n<h2><strong>1<\/strong>\u00a0Vita<\/h2>\n<p>Die Vita soll kurz und \u00fcberschaubar bleiben. Bitte nennen Sie uns deshalb nur Ihre wichtigsten Stationen (maximal 5) \u2013 angefangen vom Geburtsdatum und -ort \u00fcber Ausbildungsstationen bis zur Ateliergr\u00fcndung\/Beginn der freien T\u00e4tigkeit. Erg\u00e4nzend (falls vorhanden) die wichtigste\/n Auszeichnung\/en (maximal 2). Falls es mehr sind, schreiben wir \u201eund weitere Preise\/Auszeichnungen\u201c.<\/p>\n<h2><strong>2<\/strong>\u00a0Kurzportr\u00e4t<\/h2>\n<p>Gerne k\u00f6nnen Sie uns einen eigenen Text (bis 700 Zeichen inkl. Leerzeichen)\u00a0zusenden, den wir, wenn n\u00f6tig, stilistisch \u00fcberarbeiten und mit Ihnen abstimmen. Falls Sie keinen passenden Text haben, schreiben wir diesen f\u00fcr Sie. Bitte beantworten Sie dazu folgende Fragen:<br \/>\n\u25cf \u00a0Was ist die Idee oder Philosophie hinter Ihren Arbeiten?<br \/>\n\u25cf \u00a0Beschreiben Sie kurz Ihre Arbeitsweise und eventuell besondere Techniken.<br \/>\n\u25cf \u00a0Welche Materialien bevorzugen Sie und warum?<\/p>\n<h2><strong>3<\/strong>\u00a0Bildergalerie<\/h2>\n<p>Bitte senden Sie uns Fotografien Ihrer Arbeiten in 300 dpi (Druckqualit\u00e4t) als jpg. Grunds\u00e4tzlich sollte eine Arbeit pro Bild gezeigt werden. Darstellungen von Ensembles oder ganzen Kollektionen sind weniger geeignet. Arbeiten mit einem neutralen, hellgrauen Hintergrund kommen am besten zur Geltung. Bitte senden Sie erg\u00e4nzend ein Portraitbild (min. 300 dpi). Bitte benennen Sie Ihre Bilddateien mit Vornamen, Nachnamen, Name der Arbeit (falls vorhanden). Bitte unbedingt die Umlaute \u00fc \u00f6 \u00e4 vermeiden, da dies zu Fehlern in der Bilddarstellung f\u00fchren kann.<\/p>\n<h2><strong>4<\/strong>\u00a0Verlinkung<\/h2>\n<p>Ihr Profil wird mit Ihrer eigenen Webseite verlinkt. Ebenso mit Ihren Galerien und Gesch\u00e4ften, wenn Sie mit H\u00e4ndlern zusammenarbeiten. Bitte senden Sie uns in diesem Fall eine Liste Ihrer wichtigen Verkaufspunkte (Name und Ort der Galerie\/des Gesch\u00e4ftes). Oder\u00a0schlagen Sie\u00a0Ihren Handelspartnern vor, sich bei ART AUREA f\u00fcr die Plattform zu bewerben, um Teil unseres Netzwerks\u00a0f\u00fcr authentische Gestaltungskultur und k\u00fcnstlerisches Handwerk zu werden.<\/p>\n","protected":false},"excerpt":{"rendered":"<p>Die PROFILE auf Art Aurea zeigen Kurzportr\u00e4ts und Arbeiten ausgezeichneter Designer, Manufakturen, K\u00fcnstler sowie ihre Galerien und Gesch\u00e4fte. Die Teilnahme f\u00f6rdert die internationale Bekanntheit und unterst\u00fctzt die Vermarktung. Weitere Informationen zu den Profilen finden Sie hier. Was Sie bei der Bewerbung f\u00fcr ein PROFIL auf Art Aurea beachten sollten: 1\u00a0Vita Die Vita soll kurz und [&hellip;] <a class=\"excerpt-read-more \" href=\"https:\/\/artaurea.kapwamarketing.com\/de\/profil-bewerben\/\" title=\"LesenArt Aurea Profile\"><span class=\"moretext\">Lesen<\/span><\/a><\/p>\n","protected":false},"author":26,"featured_media":5040,"parent":0,"menu_order":0,"comment_status":"closed","ping_status":"closed","template":"page-apply.php","meta":{"_themeisle_gutenberg_block_has_review":false,"footnotes":""},"class_list":["post-5202","page","type-page","status-publish","has-post-thumbnail","hentry"],"acf":[],"yoast_head":"<!-- This site is optimized with the Yoast SEO plugin v27.2 - https:\/\/yoast.com\/product\/yoast-seo-wordpress\/ -->\n<title>Profil-Bewerbung \u2013 Verlinkung mit Galerien | Art Aurea<\/title>\n<meta name=\"description\" content=\"Bewerbung f\u00fcr ein Profil auf artaurea.de und artaurea.com. Arbeiten ausgezeichneter Designer, Manufakturen und K\u00fcnstler werden mit Galerien und Gesch\u00e4ften verlinkt.\" \/>\n<meta name=\"robots\" content=\"noindex, follow, max-snippet:-1, max-image-preview:large, max-video-preview:-1\" \/>\n<meta property=\"og:locale\" content=\"de_DE\" \/>\n<meta property=\"og:type\" content=\"article\" \/>\n<meta property=\"og:title\" content=\"Profil-Bewerbung \u2013 Verlinkung mit Galerien | Art Aurea\" \/>\n<meta property=\"og:description\" content=\"Bewerbung f\u00fcr ein Profil auf artaurea.de und artaurea.com. Arbeiten ausgezeichneter Designer, Manufakturen und K\u00fcnstler werden mit Galerien und Gesch\u00e4ften verlinkt.\" \/>\n<meta property=\"og:url\" content=\"https:\/\/artaurea.de\/profil-bewerben\/\" \/>\n<meta property=\"og:site_name\" content=\"Art Aurea\" \/>\n<meta property=\"article:modified_time\" content=\"2018-10-19T09:18:02+00:00\" \/>\n<meta property=\"og:image\" content=\"https:\/\/artaurea.de\/wp-content\/uploads\/2014\/06\/profile_apply.jpg\" \/>\n\t<meta property=\"og:image:width\" content=\"1028\" \/>\n\t<meta property=\"og:image:height\" content=\"1398\" \/>\n\t<meta property=\"og:image:type\" content=\"image\/jpeg\" \/>\n<meta name=\"twitter:label1\" content=\"Gesch\u00e4tzte Lesezeit\" \/>\n\t<meta name=\"twitter:data1\" content=\"2\u00a0Minuten\" \/>\n<script type=\"application\/ld+json\" class=\"yoast-schema-graph\">{\"@context\":\"https:\/\/schema.org\",\"@graph\":[{\"@type\":\"WebPage\",\"@id\":\"https:\/\/artaurea.de\/profil-bewerben\/\",\"url\":\"https:\/\/artaurea.de\/profil-bewerben\/\",\"name\":\"Profil-Bewerbung \u2013 Verlinkung mit Galerien | Art Aurea\",\"isPartOf\":{\"@id\":\"https:\/\/artaurea.kapwamarketing.com\/#website\"},\"primaryImageOfPage\":{\"@id\":\"https:\/\/artaurea.de\/profil-bewerben\/#primaryimage\"},\"image\":{\"@id\":\"https:\/\/artaurea.de\/profil-bewerben\/#primaryimage\"},\"thumbnailUrl\":\"https:\/\/artaurea.kapwamarketing.com\/wp-content\/uploads\/2014\/06\/profile_apply.jpg\",\"datePublished\":\"2014-06-19T13:37:06+00:00\",\"dateModified\":\"2018-10-19T09:18:02+00:00\",\"description\":\"Bewerbung f\u00fcr ein Profil auf artaurea.de und artaurea.com. Arbeiten ausgezeichneter Designer, Manufakturen und K\u00fcnstler werden mit Galerien und Gesch\u00e4ften verlinkt.\",\"breadcrumb\":{\"@id\":\"https:\/\/artaurea.de\/profil-bewerben\/#breadcrumb\"},\"inLanguage\":\"de\",\"potentialAction\":[{\"@type\":\"ReadAction\",\"target\":[\"https:\/\/artaurea.de\/profil-bewerben\/\"]}]},{\"@type\":\"ImageObject\",\"inLanguage\":\"de\",\"@id\":\"https:\/\/artaurea.de\/profil-bewerben\/#primaryimage\",\"url\":\"https:\/\/artaurea.kapwamarketing.com\/wp-content\/uploads\/2014\/06\/profile_apply.jpg\",\"contentUrl\":\"https:\/\/artaurea.kapwamarketing.com\/wp-content\/uploads\/2014\/06\/profile_apply.jpg\",\"width\":1028,\"height\":1398},{\"@type\":\"BreadcrumbList\",\"@id\":\"https:\/\/artaurea.de\/profil-bewerben\/#breadcrumb\",\"itemListElement\":[{\"@type\":\"ListItem\",\"position\":1,\"name\":\"Home\",\"item\":\"https:\/\/artaurea.de\/\"},{\"@type\":\"ListItem\",\"position\":2,\"name\":\"Art Aurea Profile\"}]},{\"@type\":\"WebSite\",\"@id\":\"https:\/\/artaurea.kapwamarketing.com\/#website\",\"url\":\"https:\/\/artaurea.kapwamarketing.com\/\",\"name\":\"Art Aurea\",\"description\":\"\",\"potentialAction\":[{\"@type\":\"SearchAction\",\"target\":{\"@type\":\"EntryPoint\",\"urlTemplate\":\"https:\/\/artaurea.kapwamarketing.com\/?s={search_term_string}\"},\"query-input\":{\"@type\":\"PropertyValueSpecification\",\"valueRequired\":true,\"valueName\":\"search_term_string\"}}],\"inLanguage\":\"de\"}]}<\/script>\n<!-- \/ Yoast SEO plugin. -->","yoast_head_json":{"title":"Profil-Bewerbung \u2013 Verlinkung mit Galerien | Art Aurea","description":"Bewerbung f\u00fcr ein Profil auf artaurea.de und artaurea.com. Arbeiten ausgezeichneter Designer, Manufakturen und K\u00fcnstler werden mit Galerien und Gesch\u00e4ften verlinkt.","robots":{"index":"noindex","follow":"follow","max-snippet":"max-snippet:-1","max-image-preview":"max-image-preview:large","max-video-preview":"max-video-preview:-1"},"og_locale":"de_DE","og_type":"article","og_title":"Profil-Bewerbung \u2013 Verlinkung mit Galerien | Art Aurea","og_description":"Bewerbung f\u00fcr ein Profil auf artaurea.de und artaurea.com. Arbeiten ausgezeichneter Designer, Manufakturen und K\u00fcnstler werden mit Galerien und Gesch\u00e4ften verlinkt.","og_url":"https:\/\/artaurea.de\/profil-bewerben\/","og_site_name":"Art Aurea","article_modified_time":"2018-10-19T09:18:02+00:00","og_image":[{"width":1028,"height":1398,"url":"https:\/\/artaurea.de\/wp-content\/uploads\/2014\/06\/profile_apply.jpg","type":"image\/jpeg"}],"twitter_misc":{"Gesch\u00e4tzte Lesezeit":"2\u00a0Minuten"},"schema":{"@context":"https:\/\/schema.org","@graph":[{"@type":"WebPage","@id":"https:\/\/artaurea.de\/profil-bewerben\/","url":"https:\/\/artaurea.de\/profil-bewerben\/","name":"Profil-Bewerbung \u2013 Verlinkung mit Galerien | Art Aurea","isPartOf":{"@id":"https:\/\/artaurea.kapwamarketing.com\/#website"},"primaryImageOfPage":{"@id":"https:\/\/artaurea.de\/profil-bewerben\/#primaryimage"},"image":{"@id":"https:\/\/artaurea.de\/profil-bewerben\/#primaryimage"},"thumbnailUrl":"https:\/\/artaurea.kapwamarketing.com\/wp-content\/uploads\/2014\/06\/profile_apply.jpg","datePublished":"2014-06-19T13:37:06+00:00","dateModified":"2018-10-19T09:18:02+00:00","description":"Bewerbung f\u00fcr ein Profil auf artaurea.de und artaurea.com. Arbeiten ausgezeichneter Designer, Manufakturen und K\u00fcnstler werden mit Galerien und Gesch\u00e4ften verlinkt.","breadcrumb":{"@id":"https:\/\/artaurea.de\/profil-bewerben\/#breadcrumb"},"inLanguage":"de","potentialAction":[{"@type":"ReadAction","target":["https:\/\/artaurea.de\/profil-bewerben\/"]}]},{"@type":"ImageObject","inLanguage":"de","@id":"https:\/\/artaurea.de\/profil-bewerben\/#primaryimage","url":"https:\/\/artaurea.kapwamarketing.com\/wp-content\/uploads\/2014\/06\/profile_apply.jpg","contentUrl":"https:\/\/artaurea.kapwamarketing.com\/wp-content\/uploads\/2014\/06\/profile_apply.jpg","width":1028,"height":1398},{"@type":"BreadcrumbList","@id":"https:\/\/artaurea.de\/profil-bewerben\/#breadcrumb","itemListElement":[{"@type":"ListItem","position":1,"name":"Home","item":"https:\/\/artaurea.de\/"},{"@type":"ListItem","position":2,"name":"Art Aurea Profile"}]},{"@type":"WebSite","@id":"https:\/\/artaurea.kapwamarketing.com\/#website","url":"https:\/\/artaurea.kapwamarketing.com\/","name":"Art Aurea","description":"","potentialAction":[{"@type":"SearchAction","target":{"@type":"EntryPoint","urlTemplate":"https:\/\/artaurea.kapwamarketing.com\/?s={search_term_string}"},"query-input":{"@type":"PropertyValueSpecification","valueRequired":true,"valueName":"search_term_string"}}],"inLanguage":"de"}]}},"_links":{"self":[{"href":"https:\/\/artaurea.kapwamarketing.com\/de\/wp-json\/wp\/v2\/pages\/5202","targetHints":{"allow":["GET"]}}],"collection":[{"href":"https:\/\/artaurea.kapwamarketing.com\/de\/wp-json\/wp\/v2\/pages"}],"about":[{"href":"https:\/\/artaurea.kapwamarketing.com\/de\/wp-json\/wp\/v2\/types\/page"}],"author":[{"embeddable":true,"href":"https:\/\/artaurea.kapwamarketing.com\/de\/wp-json\/wp\/v2\/users\/26"}],"replies":[{"embeddable":true,"href":"https:\/\/artaurea.kapwamarketing.com\/de\/wp-json\/wp\/v2\/comments?post=5202"}],"version-history":[{"count":0,"href":"https:\/\/artaurea.kapwamarketing.com\/de\/wp-json\/wp\/v2\/pages\/5202\/revisions"}],"wp:featuredmedia":[{"embeddable":true,"href":"https:\/\/artaurea.kapwamarketing.com\/de\/wp-json\/wp\/v2\/media\/5040"}],"wp:attachment":[{"href":"https:\/\/artaurea.kapwamarketing.com\/de\/wp-json\/wp\/v2\/media?parent=5202"}],"curies":[{"name":"wp","href":"https:\/\/api.w.org\/{rel}","templated":true}]}}