{"id":5195,"date":"2014-06-28T11:48:47","date_gmt":"2014-06-28T11:48:47","guid":{"rendered":"http:\/\/artaurea14:8888\/about\/impressum\/"},"modified":"2018-09-25T16:11:19","modified_gmt":"2018-09-25T14:11:19","slug":"impressum","status":"publish","type":"page","link":"https:\/\/artaurea.kapwamarketing.com\/de\/uber-uns\/impressum\/","title":{"rendered":"Impressum"},"content":{"rendered":"<h2>Angaben gem\u00e4\u00df \u00a7 5 TMG<\/h2>\n<p>Reinhold Ludwig<br \/>\nEichengrund 128<br \/>\n89075 Ulm<\/p>\n<h2>Kontakt<\/h2>\n<p>Telefon: +49 731 9508490<br \/>\nTelefax: +49 731 95080651<br \/>\nE-Mail: info@artaurea.de<\/p>\n<h2>Umsatzsteuer<\/h2>\n<p>Umsatzsteuer-Identifikationsnummer gem\u00e4\u00df \u00a727 a Umsatzsteuergesetz:<br \/>\nDE247543609<\/p>\n<h2>Verantwortlich f\u00fcr den Inhalt nach \u00a7 55 Abs. 2 RStV<\/h2>\n<p>Reinhold Ludwig<br \/>\nEichengrund 128<br \/>\n89075 Ulm<\/p>\n<h2>Streitschlichtung<\/h2>\n<p>Die Europ\u00e4ische Kommission stellt eine Plattform zur Online-Streitbeilegung (OS) bereit: <a href=\"https:\/\/ec.europa.eu\/consumers\/odr\" target=\"_blank\" rel=\"noopener\">https:\/\/ec.europa.eu\/consumers\/odr<\/a>.<br \/>\nUnsere E-Mail-Adresse finden Sie oben im Impressum.<\/p>\n<p>Wir sind nicht bereit oder verpflichtet, an Streitbeilegungsverfahren vor einer Verbraucherschlichtungsstelle teilzunehmen.<\/p>\n<h3>Haftung f\u00fcr Inhalte<\/h3>\n<p>Als Diensteanbieter sind wir gem\u00e4\u00df \u00a7 7 Abs.1 TMG f\u00fcr eigene Inhalte auf diesen Seiten nach den allgemeinen Gesetzen verantwortlich. Nach \u00a7\u00a7 8 bis 10 TMG sind wir als Diensteanbieter jedoch nicht verpflichtet, \u00fcbermittelte oder gespeicherte fremde Informationen zu \u00fcberwachen oder nach Umst\u00e4nden zu forschen, die auf eine rechtswidrige T\u00e4tigkeit hinweisen.<\/p>\n<p>Verpflichtungen zur Entfernung oder Sperrung der Nutzung von Informationen nach den allgemeinen Gesetzen bleiben hiervon unber\u00fchrt. Eine diesbez\u00fcgliche Haftung ist jedoch erst ab dem Zeitpunkt der Kenntnis einer konkreten Rechtsverletzung m\u00f6glich. Bei Bekanntwerden von entsprechenden Rechtsverletzungen werden wir diese Inhalte umgehend entfernen.<\/p>\n<h3>Haftung f\u00fcr Links<\/h3>\n<p>Unser Angebot enth\u00e4lt Links zu externen Websites Dritter, auf deren Inhalte wir keinen Einfluss haben. Deshalb k\u00f6nnen wir f\u00fcr diese fremden Inhalte auch keine Gew\u00e4hr \u00fcbernehmen. F\u00fcr die Inhalte der verlinkten Seiten ist stets der jeweilige Anbieter oder Betreiber der Seiten verantwortlich. Die verlinkten Seiten wurden zum Zeitpunkt der Verlinkung auf m\u00f6gliche Rechtsverst\u00f6\u00dfe \u00fcberpr\u00fcft. Rechtswidrige Inhalte waren zum Zeitpunkt der Verlinkung nicht erkennbar.<\/p>\n<p>Eine permanente inhaltliche Kontrolle der verlinkten Seiten ist jedoch ohne konkrete Anhaltspunkte einer Rechtsverletzung nicht zumutbar. Bei Bekanntwerden von Rechtsverletzungen werden wir derartige Links umgehend entfernen.<\/p>\n<h3>Urheberrecht<\/h3>\n<p>Die durch die Seitenbetreiber erstellten Inhalte und Werke auf diesen Seiten unterliegen dem deutschen Urheberrecht. Die Vervielf\u00e4ltigung, Bearbeitung, Verbreitung und jede Art der Verwertung au\u00dferhalb der Grenzen des Urheberrechtes bed\u00fcrfen der schriftlichen Zustimmung des jeweiligen Autors bzw. Erstellers. Downloads und Kopien dieser Seite sind nur f\u00fcr den privaten, nicht kommerziellen Gebrauch gestattet.<\/p>\n<p>Soweit die Inhalte auf dieser Seite nicht vom Betreiber erstellt wurden, werden die Urheberrechte Dritter beachtet. Insbesondere werden Inhalte Dritter als solche gekennzeichnet. Sollten Sie trotzdem auf eine Urheberrechtsverletzung aufmerksam werden, bitten wir um einen entsprechenden Hinweis. Bei Bekanntwerden von Rechtsverletzungen werden wir derartige Inhalte umgehend entfernen.<\/p>\n","protected":false},"excerpt":{"rendered":"<p>Angaben gem\u00e4\u00df \u00a7 5 TMG Reinhold Ludwig Eichengrund 128 89075 Ulm Kontakt Telefon: +49 731 9508490 Telefax: +49 731 95080651 E-Mail: info@artaurea.de Umsatzsteuer Umsatzsteuer-Identifikationsnummer gem\u00e4\u00df \u00a727 a Umsatzsteuergesetz: DE247543609 Verantwortlich f\u00fcr den Inhalt nach \u00a7 55 Abs. 2 RStV Reinhold Ludwig Eichengrund 128 89075 Ulm Streitschlichtung Die Europ\u00e4ische Kommission stellt eine Plattform zur Online-Streitbeilegung (OS) [&hellip;] <a class=\"excerpt-read-more \" href=\"https:\/\/artaurea.kapwamarketing.com\/de\/uber-uns\/impressum\/\" title=\"LesenImpressum\"><span class=\"moretext\">Lesen<\/span><\/a><\/p>\n","protected":false},"author":26,"featured_media":0,"parent":4820,"menu_order":2,"comment_status":"closed","ping_status":"closed","template":"","meta":{"_themeisle_gutenberg_block_has_review":false,"footnotes":""},"class_list":["post-5195","page","type-page","status-publish","hentry"],"acf":[],"yoast_head":"<!-- This site is optimized with the Yoast SEO plugin v27.2 - https:\/\/yoast.com\/product\/yoast-seo-wordpress\/ -->\n<title>Impressum | Art Aurea<\/title>\n<meta name=\"description\" content=\"Das Art Aurea Impressum. V.i.S.d.P.: Reinhold Ludwig\" \/>\n<meta name=\"robots\" content=\"noindex, follow, max-snippet:-1, max-image-preview:large, max-video-preview:-1\" \/>\n<meta property=\"og:locale\" content=\"de_DE\" \/>\n<meta property=\"og:type\" content=\"article\" \/>\n<meta property=\"og:title\" content=\"Impressum | Art Aurea\" \/>\n<meta property=\"og:description\" content=\"Das Art Aurea Impressum. V.i.S.d.P.: Reinhold Ludwig\" \/>\n<meta property=\"og:url\" content=\"https:\/\/artaurea.de\/uber-uns\/impressum\/\" \/>\n<meta property=\"og:site_name\" content=\"Art Aurea\" \/>\n<meta property=\"article:modified_time\" content=\"2018-09-25T14:11:19+00:00\" \/>\n<meta name=\"twitter:label1\" content=\"Gesch\u00e4tzte Lesezeit\" \/>\n\t<meta name=\"twitter:data1\" content=\"2\u00a0Minuten\" \/>\n<script type=\"application\/ld+json\" class=\"yoast-schema-graph\">{\"@context\":\"https:\/\/schema.org\",\"@graph\":[{\"@type\":\"WebPage\",\"@id\":\"https:\/\/artaurea.de\/uber-uns\/impressum\/\",\"url\":\"https:\/\/artaurea.de\/uber-uns\/impressum\/\",\"name\":\"Impressum | Art Aurea\",\"isPartOf\":{\"@id\":\"https:\/\/artaurea.kapwamarketing.com\/#website\"},\"datePublished\":\"2014-06-28T11:48:47+00:00\",\"dateModified\":\"2018-09-25T14:11:19+00:00\",\"description\":\"Das Art Aurea Impressum. V.i.S.d.P.: Reinhold Ludwig\",\"breadcrumb\":{\"@id\":\"https:\/\/artaurea.de\/uber-uns\/impressum\/#breadcrumb\"},\"inLanguage\":\"de\",\"potentialAction\":[{\"@type\":\"ReadAction\",\"target\":[\"https:\/\/artaurea.de\/uber-uns\/impressum\/\"]}]},{\"@type\":\"BreadcrumbList\",\"@id\":\"https:\/\/artaurea.de\/uber-uns\/impressum\/#breadcrumb\",\"itemListElement\":[{\"@type\":\"ListItem\",\"position\":1,\"name\":\"Home\",\"item\":\"https:\/\/artaurea.de\/\"},{\"@type\":\"ListItem\",\"position\":2,\"name\":\"\u00dcber uns\",\"item\":\"https:\/\/artaurea.de\/uber-uns\/\"},{\"@type\":\"ListItem\",\"position\":3,\"name\":\"Impressum\"}]},{\"@type\":\"WebSite\",\"@id\":\"https:\/\/artaurea.kapwamarketing.com\/#website\",\"url\":\"https:\/\/artaurea.kapwamarketing.com\/\",\"name\":\"Art Aurea\",\"description\":\"\",\"potentialAction\":[{\"@type\":\"SearchAction\",\"target\":{\"@type\":\"EntryPoint\",\"urlTemplate\":\"https:\/\/artaurea.kapwamarketing.com\/?s={search_term_string}\"},\"query-input\":{\"@type\":\"PropertyValueSpecification\",\"valueRequired\":true,\"valueName\":\"search_term_string\"}}],\"inLanguage\":\"de\"}]}<\/script>\n<!-- \/ Yoast SEO plugin. -->","yoast_head_json":{"title":"Impressum | Art Aurea","description":"Das Art Aurea Impressum. V.i.S.d.P.: Reinhold Ludwig","robots":{"index":"noindex","follow":"follow","max-snippet":"max-snippet:-1","max-image-preview":"max-image-preview:large","max-video-preview":"max-video-preview:-1"},"og_locale":"de_DE","og_type":"article","og_title":"Impressum | Art Aurea","og_description":"Das Art Aurea Impressum. V.i.S.d.P.: Reinhold Ludwig","og_url":"https:\/\/artaurea.de\/uber-uns\/impressum\/","og_site_name":"Art Aurea","article_modified_time":"2018-09-25T14:11:19+00:00","twitter_misc":{"Gesch\u00e4tzte Lesezeit":"2\u00a0Minuten"},"schema":{"@context":"https:\/\/schema.org","@graph":[{"@type":"WebPage","@id":"https:\/\/artaurea.de\/uber-uns\/impressum\/","url":"https:\/\/artaurea.de\/uber-uns\/impressum\/","name":"Impressum | Art Aurea","isPartOf":{"@id":"https:\/\/artaurea.kapwamarketing.com\/#website"},"datePublished":"2014-06-28T11:48:47+00:00","dateModified":"2018-09-25T14:11:19+00:00","description":"Das Art Aurea Impressum. V.i.S.d.P.: Reinhold Ludwig","breadcrumb":{"@id":"https:\/\/artaurea.de\/uber-uns\/impressum\/#breadcrumb"},"inLanguage":"de","potentialAction":[{"@type":"ReadAction","target":["https:\/\/artaurea.de\/uber-uns\/impressum\/"]}]},{"@type":"BreadcrumbList","@id":"https:\/\/artaurea.de\/uber-uns\/impressum\/#breadcrumb","itemListElement":[{"@type":"ListItem","position":1,"name":"Home","item":"https:\/\/artaurea.de\/"},{"@type":"ListItem","position":2,"name":"\u00dcber uns","item":"https:\/\/artaurea.de\/uber-uns\/"},{"@type":"ListItem","position":3,"name":"Impressum"}]},{"@type":"WebSite","@id":"https:\/\/artaurea.kapwamarketing.com\/#website","url":"https:\/\/artaurea.kapwamarketing.com\/","name":"Art Aurea","description":"","potentialAction":[{"@type":"SearchAction","target":{"@type":"EntryPoint","urlTemplate":"https:\/\/artaurea.kapwamarketing.com\/?s={search_term_string}"},"query-input":{"@type":"PropertyValueSpecification","valueRequired":true,"valueName":"search_term_string"}}],"inLanguage":"de"}]}},"_links":{"self":[{"href":"https:\/\/artaurea.kapwamarketing.com\/de\/wp-json\/wp\/v2\/pages\/5195","targetHints":{"allow":["GET"]}}],"collection":[{"href":"https:\/\/artaurea.kapwamarketing.com\/de\/wp-json\/wp\/v2\/pages"}],"about":[{"href":"https:\/\/artaurea.kapwamarketing.com\/de\/wp-json\/wp\/v2\/types\/page"}],"author":[{"embeddable":true,"href":"https:\/\/artaurea.kapwamarketing.com\/de\/wp-json\/wp\/v2\/users\/26"}],"replies":[{"embeddable":true,"href":"https:\/\/artaurea.kapwamarketing.com\/de\/wp-json\/wp\/v2\/comments?post=5195"}],"version-history":[{"count":0,"href":"https:\/\/artaurea.kapwamarketing.com\/de\/wp-json\/wp\/v2\/pages\/5195\/revisions"}],"up":[{"embeddable":true,"href":"https:\/\/artaurea.kapwamarketing.com\/de\/wp-json\/wp\/v2\/pages\/4820"}],"wp:attachment":[{"href":"https:\/\/artaurea.kapwamarketing.com\/de\/wp-json\/wp\/v2\/media?parent=5195"}],"curies":[{"name":"wp","href":"https:\/\/api.w.org\/{rel}","templated":true}]}}