{"id":503,"date":"2012-09-17T11:09:55","date_gmt":"2012-09-17T11:09:55","guid":{"rendered":"http:\/\/aa.fl-oh.com\/site\/?page_id=503"},"modified":"2023-09-20T08:19:58","modified_gmt":"2023-09-20T06:19:58","slug":"503-2","status":"publish","type":"page","link":"https:\/\/artaurea.kapwamarketing.com\/de\/","title":{"rendered":"Magazin \u2013 Kunst, Gestaltendes Handwerk, Design | Art Aurea"},"content":{"rendered":"<h3>Art Aurea \u2013 Magazin und Online-Plattform f\u00fcr Kunst, gestaltendes Handwerk und ganzheitliches Leben<\/h3>\n<p>Die Vermittlung von gestaltendem Handwerk und Kunst als sinnstiftende Elemente eines ganzheitlichen, achtsamen und umweltvertr\u00e4glichen Lebens ist das zentrale Anliegen von Art Aurea. Einen Schwerpunkt bilden Beitr\u00e4ge \u00fcber K\u00fcnstlerInnen, ihre Werke und Lebensformen. Erg\u00e4nzend berichtet Art Aurea \u00fcber wichtige Ausstellungen, Messen, Wettbewerbe und B\u00fccher. Kommentare, Essays und Interviews stellen Bez\u00fcge zu den wichtigen gesellschaftlichen Entwicklungen her.<\/p>\n<p>Angesichts weltweiter Krisen und Herausforderungen bef\u00fcrworten wir einen Kunstbegriff, der alle Lebensbereiche durchdringt und den Gebrauch ausdr\u00fccklich einschlie\u00dft \u2013 wie etwa die zeitgen\u00f6ssische Schmuck- und Keramikkunst oder andere, aus handwerklichen Traditionen in der Moderne entstandenen Kunstformen.<\/p>\n<p>Das Magazin Art Aurea erscheint viertelj\u00e4hrlich im Stil eines Kunstbuchs. Die Themenauswahl erfolgt gemeinsam mit unseren Autoren und den internationalen Kuratoren der Rubrik &#8222;Arts Crafts World&#8220;. Gemeinsam forschen wir weltweit nach GestalterInnen und Lebensmodellen, die zukunftsweisend Kunst und Handwerk mit einer \u00f6kologisch verantwortbaren Lebensweise verbinden.<\/p>\n<p>Zu allen Zeiten waren Objekte aus k\u00fcnstlerischer und handwerklicher Fertigung mit Ritualen verbunden. Sie dienten wie Sprache, Musik und Dichtung dem Zusammenhalt und der geistigen Weiterentwicklung des Menschen. Dagegen erweist sich industrielle Massenfertigung nicht selten als inhuman, umweltsch\u00e4digend und mit emotionaler und intellektueller Verarmung verbunden.<\/p>\n<p>So verstehen wir Art Aurea auch als ein Medium zur Bewahrung und Weiterentwicklung substantieller Kultur, die Kunst und Handwerk mit der Achtsamkeit gegen\u00fcber der Umwelt vereint. Wir m\u00f6chten unsere Leserinnen und Leser informieren und inspirieren, sich bewusster zu entscheiden f\u00fcr Lebensformen sowie Kunstobjekte und Produkte, die dauerhafte Quellen der Freude sind \u2013 jenseits des schnelllebigen Konsums und der Massenfertigung.<\/p>\n","protected":false},"excerpt":{"rendered":"<p>Art Aurea \u2013 Magazin und Online-Plattform f\u00fcr Kunst, gestaltendes Handwerk und ganzheitliches Leben Die Vermittlung von gestaltendem Handwerk und Kunst als sinnstiftende Elemente eines ganzheitlichen, achtsamen und umweltvertr\u00e4glichen Lebens ist das zentrale Anliegen von Art Aurea. Einen Schwerpunkt bilden Beitr\u00e4ge \u00fcber K\u00fcnstlerInnen, ihre Werke und Lebensformen. Erg\u00e4nzend berichtet Art Aurea \u00fcber wichtige Ausstellungen, Messen, Wettbewerbe [&hellip;] <a class=\"excerpt-read-more \" href=\"https:\/\/artaurea.kapwamarketing.com\/de\/\" title=\"LesenMagazin \u2013 Kunst, Gestaltendes Handwerk, Design | Art Aurea\"><span class=\"moretext\">Lesen<\/span><\/a><\/p>\n","protected":false},"author":26,"featured_media":0,"parent":0,"menu_order":30,"comment_status":"closed","ping_status":"closed","template":"page-home.php","meta":{"_themeisle_gutenberg_block_has_review":false,"footnotes":""},"class_list":["post-503","page","type-page","status-publish","hentry"],"acf":[],"yoast_head":"<!-- This site is optimized with the Yoast SEO plugin v27.2 - https:\/\/yoast.com\/product\/yoast-seo-wordpress\/ -->\n<title>Art Aurea Magazin, Gestaltendes Handwerk, Kunst, Design<\/title>\n<meta name=\"description\" content=\"Art Aurea. Magazin und Online-Plattform f\u00fcr Dinge der Kultur, Angewandte Kunst, Design und gestaltendes Handwerk. Schmuckdesign, Keramik, Nachhaltigkeit.\" \/>\n<meta name=\"robots\" content=\"noindex, follow, max-snippet:-1, max-image-preview:large, max-video-preview:-1\" \/>\n<meta property=\"og:locale\" content=\"de_DE\" \/>\n<meta property=\"og:type\" content=\"article\" \/>\n<meta property=\"og:title\" content=\"Art Aurea Magazin, Gestaltendes Handwerk, Kunst, Design\" \/>\n<meta property=\"og:description\" content=\"Art Aurea. Magazin und Online-Plattform f\u00fcr Dinge der Kultur, Angewandte Kunst, Design und gestaltendes Handwerk. Schmuckdesign, Keramik, Nachhaltigkeit.\" \/>\n<meta property=\"og:url\" content=\"https:\/\/artaurea.de\/\" \/>\n<meta property=\"og:site_name\" content=\"Art Aurea\" \/>\n<meta property=\"article:modified_time\" content=\"2023-09-20T06:19:58+00:00\" \/>\n<meta name=\"twitter:label1\" content=\"Gesch\u00e4tzte Lesezeit\" \/>\n\t<meta name=\"twitter:data1\" content=\"2\u00a0Minuten\" \/>\n<script type=\"application\/ld+json\" class=\"yoast-schema-graph\">{\"@context\":\"https:\/\/schema.org\",\"@graph\":[{\"@type\":\"WebPage\",\"@id\":\"https:\/\/artaurea.de\/\",\"url\":\"https:\/\/artaurea.de\/\",\"name\":\"Art Aurea Magazin, Gestaltendes Handwerk, Kunst, Design\",\"isPartOf\":{\"@id\":\"https:\/\/artaurea.kapwamarketing.com\/#website\"},\"datePublished\":\"2012-09-17T11:09:55+00:00\",\"dateModified\":\"2023-09-20T06:19:58+00:00\",\"description\":\"Art Aurea. Magazin und Online-Plattform f\u00fcr Dinge der Kultur, Angewandte Kunst, Design und gestaltendes Handwerk. Schmuckdesign, Keramik, Nachhaltigkeit.\",\"breadcrumb\":{\"@id\":\"https:\/\/artaurea.de\/#breadcrumb\"},\"inLanguage\":\"de\",\"potentialAction\":[{\"@type\":\"ReadAction\",\"target\":[\"https:\/\/artaurea.de\/\"]}]},{\"@type\":\"BreadcrumbList\",\"@id\":\"https:\/\/artaurea.de\/#breadcrumb\",\"itemListElement\":[{\"@type\":\"ListItem\",\"position\":1,\"name\":\"Home\",\"item\":\"https:\/\/artaurea.de\/\"},{\"@type\":\"ListItem\",\"position\":2,\"name\":\"Magazin \u2013 Kunst, Gestaltendes Handwerk, Design | Art Aurea\"}]},{\"@type\":\"WebSite\",\"@id\":\"https:\/\/artaurea.kapwamarketing.com\/#website\",\"url\":\"https:\/\/artaurea.kapwamarketing.com\/\",\"name\":\"Art Aurea\",\"description\":\"\",\"potentialAction\":[{\"@type\":\"SearchAction\",\"target\":{\"@type\":\"EntryPoint\",\"urlTemplate\":\"https:\/\/artaurea.kapwamarketing.com\/?s={search_term_string}\"},\"query-input\":{\"@type\":\"PropertyValueSpecification\",\"valueRequired\":true,\"valueName\":\"search_term_string\"}}],\"inLanguage\":\"de\"}]}<\/script>\n<!-- \/ Yoast SEO plugin. -->","yoast_head_json":{"title":"Art Aurea Magazin, Gestaltendes Handwerk, Kunst, Design","description":"Art Aurea. Magazin und Online-Plattform f\u00fcr Dinge der Kultur, Angewandte Kunst, Design und gestaltendes Handwerk. Schmuckdesign, Keramik, Nachhaltigkeit.","robots":{"index":"noindex","follow":"follow","max-snippet":"max-snippet:-1","max-image-preview":"max-image-preview:large","max-video-preview":"max-video-preview:-1"},"og_locale":"de_DE","og_type":"article","og_title":"Art Aurea Magazin, Gestaltendes Handwerk, Kunst, Design","og_description":"Art Aurea. Magazin und Online-Plattform f\u00fcr Dinge der Kultur, Angewandte Kunst, Design und gestaltendes Handwerk. Schmuckdesign, Keramik, Nachhaltigkeit.","og_url":"https:\/\/artaurea.de\/","og_site_name":"Art Aurea","article_modified_time":"2023-09-20T06:19:58+00:00","twitter_misc":{"Gesch\u00e4tzte Lesezeit":"2\u00a0Minuten"},"schema":{"@context":"https:\/\/schema.org","@graph":[{"@type":"WebPage","@id":"https:\/\/artaurea.de\/","url":"https:\/\/artaurea.de\/","name":"Art Aurea Magazin, Gestaltendes Handwerk, Kunst, Design","isPartOf":{"@id":"https:\/\/artaurea.kapwamarketing.com\/#website"},"datePublished":"2012-09-17T11:09:55+00:00","dateModified":"2023-09-20T06:19:58+00:00","description":"Art Aurea. Magazin und Online-Plattform f\u00fcr Dinge der Kultur, Angewandte Kunst, Design und gestaltendes Handwerk. Schmuckdesign, Keramik, Nachhaltigkeit.","breadcrumb":{"@id":"https:\/\/artaurea.de\/#breadcrumb"},"inLanguage":"de","potentialAction":[{"@type":"ReadAction","target":["https:\/\/artaurea.de\/"]}]},{"@type":"BreadcrumbList","@id":"https:\/\/artaurea.de\/#breadcrumb","itemListElement":[{"@type":"ListItem","position":1,"name":"Home","item":"https:\/\/artaurea.de\/"},{"@type":"ListItem","position":2,"name":"Magazin \u2013 Kunst, Gestaltendes Handwerk, Design | Art Aurea"}]},{"@type":"WebSite","@id":"https:\/\/artaurea.kapwamarketing.com\/#website","url":"https:\/\/artaurea.kapwamarketing.com\/","name":"Art Aurea","description":"","potentialAction":[{"@type":"SearchAction","target":{"@type":"EntryPoint","urlTemplate":"https:\/\/artaurea.kapwamarketing.com\/?s={search_term_string}"},"query-input":{"@type":"PropertyValueSpecification","valueRequired":true,"valueName":"search_term_string"}}],"inLanguage":"de"}]}},"_links":{"self":[{"href":"https:\/\/artaurea.kapwamarketing.com\/de\/wp-json\/wp\/v2\/pages\/503","targetHints":{"allow":["GET"]}}],"collection":[{"href":"https:\/\/artaurea.kapwamarketing.com\/de\/wp-json\/wp\/v2\/pages"}],"about":[{"href":"https:\/\/artaurea.kapwamarketing.com\/de\/wp-json\/wp\/v2\/types\/page"}],"author":[{"embeddable":true,"href":"https:\/\/artaurea.kapwamarketing.com\/de\/wp-json\/wp\/v2\/users\/26"}],"replies":[{"embeddable":true,"href":"https:\/\/artaurea.kapwamarketing.com\/de\/wp-json\/wp\/v2\/comments?post=503"}],"version-history":[{"count":10,"href":"https:\/\/artaurea.kapwamarketing.com\/de\/wp-json\/wp\/v2\/pages\/503\/revisions"}],"predecessor-version":[{"id":61721,"href":"https:\/\/artaurea.kapwamarketing.com\/de\/wp-json\/wp\/v2\/pages\/503\/revisions\/61721"}],"wp:attachment":[{"href":"https:\/\/artaurea.kapwamarketing.com\/de\/wp-json\/wp\/v2\/media?parent=503"}],"curies":[{"name":"wp","href":"https:\/\/api.w.org\/{rel}","templated":true}]}}