{"id":500,"date":"2012-09-17T10:57:23","date_gmt":"2012-09-17T10:57:23","guid":{"rendered":"http:\/\/aa.fl-oh.com\/site\/?page_id=500"},"modified":"2017-03-06T15:22:28","modified_gmt":"2017-03-06T15:22:28","slug":"profiles","status":"publish","type":"page","link":"https:\/\/artaurea.kapwamarketing.com\/de\/profiles\/","title":{"rendered":"Designer, K\u00fcnstler und Manufakturen \u2013 Profile"},"content":{"rendered":"<p>Ausgew\u00e4hlte Designer, Manufakturen, K\u00fcnstler und wo man ihre Arbeiten findet<\/p>\n","protected":false},"excerpt":{"rendered":"<p>Ausgew\u00e4hlte Designer, Manufakturen, K\u00fcnstler und wo man ihre Arbeiten findet <a class=\"excerpt-read-more \" href=\"https:\/\/artaurea.kapwamarketing.com\/de\/profiles\/\" title=\"LesenDesigner, K\u00fcnstler und Manufakturen \u2013 Profile\"><span class=\"moretext\">Lesen<\/span><\/a><\/p>\n","protected":false},"author":26,"featured_media":0,"parent":0,"menu_order":30,"comment_status":"closed","ping_status":"closed","template":"page-profiles.php","meta":{"_themeisle_gutenberg_block_has_review":false,"footnotes":""},"class_list":["post-500","page","type-page","status-publish","hentry"],"acf":[],"yoast_head":"<!-- This site is optimized with the Yoast SEO plugin v27.2 - https:\/\/yoast.com\/product\/yoast-seo-wordpress\/ -->\n<title>Designer, K\u00fcnstler und Manufakturen \u2013 Profile | Art Aurea<\/title>\n<meta name=\"description\" content=\"Profile, Portr\u00e4ts, Biografien und ausgew\u00e4hlte Werke authentischer Designer, K\u00fcnstler, Manufakturen und wo man sie findet. Art Profile bei Art Aurea\" \/>\n<meta name=\"robots\" content=\"noindex, follow, max-snippet:-1, max-image-preview:large, max-video-preview:-1\" \/>\n<meta property=\"og:locale\" content=\"de_DE\" \/>\n<meta property=\"og:type\" content=\"article\" \/>\n<meta property=\"og:title\" content=\"Designer, K\u00fcnstler und Manufakturen \u2013 Profile | Art Aurea\" \/>\n<meta property=\"og:description\" content=\"Profile, Portr\u00e4ts, Biografien und ausgew\u00e4hlte Werke authentischer Designer, K\u00fcnstler, Manufakturen und wo man sie findet. Art Profile bei Art Aurea\" \/>\n<meta property=\"og:url\" content=\"https:\/\/artaurea.de\/profiles\/\" \/>\n<meta property=\"og:site_name\" content=\"Art Aurea\" \/>\n<meta property=\"article:modified_time\" content=\"2017-03-06T15:22:28+00:00\" \/>\n<script type=\"application\/ld+json\" class=\"yoast-schema-graph\">{\"@context\":\"https:\/\/schema.org\",\"@graph\":[{\"@type\":\"WebPage\",\"@id\":\"https:\/\/artaurea.de\/profiles\/\",\"url\":\"https:\/\/artaurea.de\/profiles\/\",\"name\":\"Designer, K\u00fcnstler und Manufakturen \u2013 Profile | Art Aurea\",\"isPartOf\":{\"@id\":\"https:\/\/artaurea.kapwamarketing.com\/#website\"},\"datePublished\":\"2012-09-17T10:57:23+00:00\",\"dateModified\":\"2017-03-06T15:22:28+00:00\",\"description\":\"Profile, Portr\u00e4ts, Biografien und ausgew\u00e4hlte Werke authentischer Designer, K\u00fcnstler, Manufakturen und wo man sie findet. Art Profile bei Art Aurea\",\"breadcrumb\":{\"@id\":\"https:\/\/artaurea.de\/profiles\/#breadcrumb\"},\"inLanguage\":\"de\",\"potentialAction\":[{\"@type\":\"ReadAction\",\"target\":[\"https:\/\/artaurea.de\/profiles\/\"]}]},{\"@type\":\"BreadcrumbList\",\"@id\":\"https:\/\/artaurea.de\/profiles\/#breadcrumb\",\"itemListElement\":[{\"@type\":\"ListItem\",\"position\":1,\"name\":\"Home\",\"item\":\"https:\/\/artaurea.de\/\"},{\"@type\":\"ListItem\",\"position\":2,\"name\":\"Designer, K\u00fcnstler und Manufakturen \u2013 Profile\"}]},{\"@type\":\"WebSite\",\"@id\":\"https:\/\/artaurea.kapwamarketing.com\/#website\",\"url\":\"https:\/\/artaurea.kapwamarketing.com\/\",\"name\":\"Art Aurea\",\"description\":\"\",\"potentialAction\":[{\"@type\":\"SearchAction\",\"target\":{\"@type\":\"EntryPoint\",\"urlTemplate\":\"https:\/\/artaurea.kapwamarketing.com\/?s={search_term_string}\"},\"query-input\":{\"@type\":\"PropertyValueSpecification\",\"valueRequired\":true,\"valueName\":\"search_term_string\"}}],\"inLanguage\":\"de\"}]}<\/script>\n<!-- \/ Yoast SEO plugin. -->","yoast_head_json":{"title":"Designer, K\u00fcnstler und Manufakturen \u2013 Profile | Art Aurea","description":"Profile, Portr\u00e4ts, Biografien und ausgew\u00e4hlte Werke authentischer Designer, K\u00fcnstler, Manufakturen und wo man sie findet. Art Profile bei Art Aurea","robots":{"index":"noindex","follow":"follow","max-snippet":"max-snippet:-1","max-image-preview":"max-image-preview:large","max-video-preview":"max-video-preview:-1"},"og_locale":"de_DE","og_type":"article","og_title":"Designer, K\u00fcnstler und Manufakturen \u2013 Profile | Art Aurea","og_description":"Profile, Portr\u00e4ts, Biografien und ausgew\u00e4hlte Werke authentischer Designer, K\u00fcnstler, Manufakturen und wo man sie findet. Art Profile bei Art Aurea","og_url":"https:\/\/artaurea.de\/profiles\/","og_site_name":"Art Aurea","article_modified_time":"2017-03-06T15:22:28+00:00","schema":{"@context":"https:\/\/schema.org","@graph":[{"@type":"WebPage","@id":"https:\/\/artaurea.de\/profiles\/","url":"https:\/\/artaurea.de\/profiles\/","name":"Designer, K\u00fcnstler und Manufakturen \u2013 Profile | Art Aurea","isPartOf":{"@id":"https:\/\/artaurea.kapwamarketing.com\/#website"},"datePublished":"2012-09-17T10:57:23+00:00","dateModified":"2017-03-06T15:22:28+00:00","description":"Profile, Portr\u00e4ts, Biografien und ausgew\u00e4hlte Werke authentischer Designer, K\u00fcnstler, Manufakturen und wo man sie findet. Art Profile bei Art Aurea","breadcrumb":{"@id":"https:\/\/artaurea.de\/profiles\/#breadcrumb"},"inLanguage":"de","potentialAction":[{"@type":"ReadAction","target":["https:\/\/artaurea.de\/profiles\/"]}]},{"@type":"BreadcrumbList","@id":"https:\/\/artaurea.de\/profiles\/#breadcrumb","itemListElement":[{"@type":"ListItem","position":1,"name":"Home","item":"https:\/\/artaurea.de\/"},{"@type":"ListItem","position":2,"name":"Designer, K\u00fcnstler und Manufakturen \u2013 Profile"}]},{"@type":"WebSite","@id":"https:\/\/artaurea.kapwamarketing.com\/#website","url":"https:\/\/artaurea.kapwamarketing.com\/","name":"Art Aurea","description":"","potentialAction":[{"@type":"SearchAction","target":{"@type":"EntryPoint","urlTemplate":"https:\/\/artaurea.kapwamarketing.com\/?s={search_term_string}"},"query-input":{"@type":"PropertyValueSpecification","valueRequired":true,"valueName":"search_term_string"}}],"inLanguage":"de"}]}},"_links":{"self":[{"href":"https:\/\/artaurea.kapwamarketing.com\/de\/wp-json\/wp\/v2\/pages\/500","targetHints":{"allow":["GET"]}}],"collection":[{"href":"https:\/\/artaurea.kapwamarketing.com\/de\/wp-json\/wp\/v2\/pages"}],"about":[{"href":"https:\/\/artaurea.kapwamarketing.com\/de\/wp-json\/wp\/v2\/types\/page"}],"author":[{"embeddable":true,"href":"https:\/\/artaurea.kapwamarketing.com\/de\/wp-json\/wp\/v2\/users\/26"}],"replies":[{"embeddable":true,"href":"https:\/\/artaurea.kapwamarketing.com\/de\/wp-json\/wp\/v2\/comments?post=500"}],"version-history":[{"count":0,"href":"https:\/\/artaurea.kapwamarketing.com\/de\/wp-json\/wp\/v2\/pages\/500\/revisions"}],"wp:attachment":[{"href":"https:\/\/artaurea.kapwamarketing.com\/de\/wp-json\/wp\/v2\/media?parent=500"}],"curies":[{"name":"wp","href":"https:\/\/api.w.org\/{rel}","templated":true}]}}