{"id":20818,"date":"2015-02-16T12:17:10","date_gmt":"2015-02-16T12:17:10","guid":{"rendered":"https:\/\/artaurea.com\/?page_id=20818"},"modified":"2022-11-24T09:11:26","modified_gmt":"2022-11-24T08:11:26","slug":"werbung","status":"publish","type":"page","link":"https:\/\/artaurea.kapwamarketing.com\/de\/werbung\/","title":{"rendered":"Werbung in ART AUREA"},"content":{"rendered":"<p><strong>Anzeigen im Printjournal \/ Mediadaten<\/strong> Art Aurea steht f\u00fcr k\u00fcnstlerisches Handwerk, Kunst, Design und authentische Manufakturkultur. Die kulturelle Qualit\u00e4t der Beitr\u00e4ge, ein elegantes, zur\u00fcckhaltendes Layout und feinste Papierqualit\u00e4t unterst\u00fctzen niveauvolle <strong>Werbung<\/strong> f\u00fcr Produkte und Dienstleistungen. F\u00fchrende Manufakturen, Unternehmen, Museen, Galerien und Messen z\u00e4hlen zu unseren Werbepartnern.\u00a0Hier die kompletten\u00a0<a href=\"https:\/\/artaurea.de\/wp-content\/uploads\/2022\/10\/Art-Aurea-Mediadaten_2023.pdf\" target=\"_blank\" rel=\"noopener\">Mediadaten 2023 \u2013 bitte Doppelklick<\/a><\/p>\n<p><strong>Pr\u00e4senz mit einem PROFIL auf artaurea.de + artaurea.com<\/strong> In den PROFILEN werden Portr\u00e4ts und Arbeiten ausgezeichneter Designer, Manufakturen und K\u00fcnstler vorgestellt und mit ihrer eigenen Webseite sowie mit ihren Galerien und Gesch\u00e4ften vernetzt. Werden Sie Teil eines gro\u00dfen Netzwerks, das Ihnen hilft, bekannter zu werden und besser zu verkaufen.<\/p>\n<p><strong>Bannerwerbung auf artaurea.de + artaurea.com<\/strong> Das Online-Magazin artaurea.de und artaurea.com bringt aktuelle Nachrichten und einen umfassenden Kalender f\u00fcr Messen, Ausstellungen, Auktionen, Wettbewerbe und Seminare in deutscher und englischer Sprache. Wenige gut platzierte Banner r\u00fccken Ihre Veranstaltung oder Ihr Unternehmen ins Rampenlicht.<\/p>\n<p><strong>Online-Beitrag mit Text + Bildern<\/strong> Das Online-Magazin von Art Aurea ist mit dem Kalender verkn\u00fcpft. Somit erscheinen Ihre Termine und Beitr\u00e4ge vor Messen, Ausstellungen, Auktionen, Wettbewerben und Seminaren topaktuell. Mit einer Bildergalerie und einem Pressetext machen wir wirkungsvoll auf Ihre Veranstaltung aufmerksam. Der Online-Beitrag wird mit Ihrer Webseite verlinkt, erscheint auf der Startseite artaurea.de + artaurea.com und wird im Newsletter (9.500 Adressen) angek\u00fcndigt. Einmaliger Kostenbeitrag: 320 \u20ac.<\/p>\n<p>Gerne beantworten wir weitere Fragen:<br \/>\nReinhold Ludwig +49 731-9508490, ludwig@artaurea.de Christina Busch, c.busch@artaurea.de<\/p>\n","protected":false},"excerpt":{"rendered":"<p>Anzeigen im Printjournal \/ Mediadaten Art Aurea steht f\u00fcr k\u00fcnstlerisches Handwerk, Kunst, Design und authentische Manufakturkultur. Die kulturelle Qualit\u00e4t der Beitr\u00e4ge, ein elegantes, zur\u00fcckhaltendes Layout und feinste Papierqualit\u00e4t unterst\u00fctzen niveauvolle Werbung f\u00fcr Produkte und Dienstleistungen. F\u00fchrende Manufakturen, Unternehmen, Museen, Galerien und Messen z\u00e4hlen zu unseren Werbepartnern.\u00a0Hier die kompletten\u00a0Mediadaten 2023 \u2013 bitte Doppelklick Pr\u00e4senz mit einem [&hellip;] <a class=\"excerpt-read-more \" href=\"https:\/\/artaurea.kapwamarketing.com\/de\/werbung\/\" title=\"LesenWerbung in ART AUREA\"><span class=\"moretext\">Lesen<\/span><\/a><\/p>\n","protected":false},"author":26,"featured_media":0,"parent":0,"menu_order":0,"comment_status":"closed","ping_status":"open","template":"","meta":{"_themeisle_gutenberg_block_has_review":false,"footnotes":""},"class_list":["post-20818","page","type-page","status-publish","hentry"],"acf":[],"yoast_head":"<!-- This site is optimized with the Yoast SEO plugin v27.2 - https:\/\/yoast.com\/product\/yoast-seo-wordpress\/ -->\n<title>Werbung in ART AUREA | Art Aurea<\/title>\n<meta name=\"description\" content=\"Werbung in Art Aurea. Im Magazin, als Advertorial im Showroom, als Bannerwerbung auf der Webseite oder im Online-Kalender\" \/>\n<meta name=\"robots\" content=\"noindex, follow, max-snippet:-1, max-image-preview:large, max-video-preview:-1\" \/>\n<meta property=\"og:locale\" content=\"de_DE\" \/>\n<meta property=\"og:type\" content=\"article\" \/>\n<meta property=\"og:title\" content=\"Werbung in ART AUREA | Art Aurea\" \/>\n<meta property=\"og:description\" content=\"Werbung in Art Aurea. Im Magazin, als Advertorial im Showroom, als Bannerwerbung auf der Webseite oder im Online-Kalender\" \/>\n<meta property=\"og:url\" content=\"https:\/\/artaurea.de\/werbung\/\" \/>\n<meta property=\"og:site_name\" content=\"Art Aurea\" \/>\n<meta property=\"article:modified_time\" content=\"2022-11-24T08:11:26+00:00\" \/>\n<meta name=\"twitter:label1\" content=\"Gesch\u00e4tzte Lesezeit\" \/>\n\t<meta name=\"twitter:data1\" content=\"2\u00a0Minuten\" \/>\n<script type=\"application\/ld+json\" class=\"yoast-schema-graph\">{\"@context\":\"https:\/\/schema.org\",\"@graph\":[{\"@type\":\"WebPage\",\"@id\":\"https:\/\/artaurea.de\/werbung\/\",\"url\":\"https:\/\/artaurea.de\/werbung\/\",\"name\":\"Werbung in ART AUREA | Art Aurea\",\"isPartOf\":{\"@id\":\"https:\/\/artaurea.kapwamarketing.com\/#website\"},\"datePublished\":\"2015-02-16T12:17:10+00:00\",\"dateModified\":\"2022-11-24T08:11:26+00:00\",\"description\":\"Werbung in Art Aurea. Im Magazin, als Advertorial im Showroom, als Bannerwerbung auf der Webseite oder im Online-Kalender\",\"breadcrumb\":{\"@id\":\"https:\/\/artaurea.de\/werbung\/#breadcrumb\"},\"inLanguage\":\"de\",\"potentialAction\":[{\"@type\":\"ReadAction\",\"target\":[\"https:\/\/artaurea.de\/werbung\/\"]}]},{\"@type\":\"BreadcrumbList\",\"@id\":\"https:\/\/artaurea.de\/werbung\/#breadcrumb\",\"itemListElement\":[{\"@type\":\"ListItem\",\"position\":1,\"name\":\"Home\",\"item\":\"https:\/\/artaurea.de\/\"},{\"@type\":\"ListItem\",\"position\":2,\"name\":\"Werbung in ART AUREA\"}]},{\"@type\":\"WebSite\",\"@id\":\"https:\/\/artaurea.kapwamarketing.com\/#website\",\"url\":\"https:\/\/artaurea.kapwamarketing.com\/\",\"name\":\"Art Aurea\",\"description\":\"\",\"potentialAction\":[{\"@type\":\"SearchAction\",\"target\":{\"@type\":\"EntryPoint\",\"urlTemplate\":\"https:\/\/artaurea.kapwamarketing.com\/?s={search_term_string}\"},\"query-input\":{\"@type\":\"PropertyValueSpecification\",\"valueRequired\":true,\"valueName\":\"search_term_string\"}}],\"inLanguage\":\"de\"}]}<\/script>\n<!-- \/ Yoast SEO plugin. -->","yoast_head_json":{"title":"Werbung in ART AUREA | Art Aurea","description":"Werbung in Art Aurea. Im Magazin, als Advertorial im Showroom, als Bannerwerbung auf der Webseite oder im Online-Kalender","robots":{"index":"noindex","follow":"follow","max-snippet":"max-snippet:-1","max-image-preview":"max-image-preview:large","max-video-preview":"max-video-preview:-1"},"og_locale":"de_DE","og_type":"article","og_title":"Werbung in ART AUREA | Art Aurea","og_description":"Werbung in Art Aurea. Im Magazin, als Advertorial im Showroom, als Bannerwerbung auf der Webseite oder im Online-Kalender","og_url":"https:\/\/artaurea.de\/werbung\/","og_site_name":"Art Aurea","article_modified_time":"2022-11-24T08:11:26+00:00","twitter_misc":{"Gesch\u00e4tzte Lesezeit":"2\u00a0Minuten"},"schema":{"@context":"https:\/\/schema.org","@graph":[{"@type":"WebPage","@id":"https:\/\/artaurea.de\/werbung\/","url":"https:\/\/artaurea.de\/werbung\/","name":"Werbung in ART AUREA | Art Aurea","isPartOf":{"@id":"https:\/\/artaurea.kapwamarketing.com\/#website"},"datePublished":"2015-02-16T12:17:10+00:00","dateModified":"2022-11-24T08:11:26+00:00","description":"Werbung in Art Aurea. Im Magazin, als Advertorial im Showroom, als Bannerwerbung auf der Webseite oder im Online-Kalender","breadcrumb":{"@id":"https:\/\/artaurea.de\/werbung\/#breadcrumb"},"inLanguage":"de","potentialAction":[{"@type":"ReadAction","target":["https:\/\/artaurea.de\/werbung\/"]}]},{"@type":"BreadcrumbList","@id":"https:\/\/artaurea.de\/werbung\/#breadcrumb","itemListElement":[{"@type":"ListItem","position":1,"name":"Home","item":"https:\/\/artaurea.de\/"},{"@type":"ListItem","position":2,"name":"Werbung in ART AUREA"}]},{"@type":"WebSite","@id":"https:\/\/artaurea.kapwamarketing.com\/#website","url":"https:\/\/artaurea.kapwamarketing.com\/","name":"Art Aurea","description":"","potentialAction":[{"@type":"SearchAction","target":{"@type":"EntryPoint","urlTemplate":"https:\/\/artaurea.kapwamarketing.com\/?s={search_term_string}"},"query-input":{"@type":"PropertyValueSpecification","valueRequired":true,"valueName":"search_term_string"}}],"inLanguage":"de"}]}},"_links":{"self":[{"href":"https:\/\/artaurea.kapwamarketing.com\/de\/wp-json\/wp\/v2\/pages\/20818","targetHints":{"allow":["GET"]}}],"collection":[{"href":"https:\/\/artaurea.kapwamarketing.com\/de\/wp-json\/wp\/v2\/pages"}],"about":[{"href":"https:\/\/artaurea.kapwamarketing.com\/de\/wp-json\/wp\/v2\/types\/page"}],"author":[{"embeddable":true,"href":"https:\/\/artaurea.kapwamarketing.com\/de\/wp-json\/wp\/v2\/users\/26"}],"replies":[{"embeddable":true,"href":"https:\/\/artaurea.kapwamarketing.com\/de\/wp-json\/wp\/v2\/comments?post=20818"}],"version-history":[{"count":0,"href":"https:\/\/artaurea.kapwamarketing.com\/de\/wp-json\/wp\/v2\/pages\/20818\/revisions"}],"wp:attachment":[{"href":"https:\/\/artaurea.kapwamarketing.com\/de\/wp-json\/wp\/v2\/media?parent=20818"}],"curies":[{"name":"wp","href":"https:\/\/api.w.org\/{rel}","templated":true}]}}